{"id":523,"date":"2018-02-20T19:43:30","date_gmt":"2018-02-20T18:43:30","guid":{"rendered":"http:\/\/penzionlimba.sk\/?page_id=523"},"modified":"2020-01-17T08:06:03","modified_gmt":"2020-01-17T07:06:03","slug":"apartmany-jasna-ski-ski","status":"publish","type":"page","link":"https:\/\/penzionlimba.sk\/en\/apartmany-jasna-ski-ski\/","title":{"rendered":"Apartments Jasn\u00e1 *** Ski In &#038; Ski Out"},"content":{"rendered":"<p>[vc_row full_width=&#8221;stretch_row_content&#8221; content_placement=&#8221;middle&#8221; el_class=&#8221;pg1_apartmany&#8221; css=&#8221;.vc_custom_1516963083896{background-image: url(http:\/\/penzionlimba.sk\/wp-content\/uploads\/2018\/01\/Limba-uvod.jpg?id=145) !important;background-position: center !important;background-repeat: no-repeat !important;background-size: cover !important;}&#8221;][vc_column css=&#8221;.vc_custom_1516018014117{background-image: url(http:\/\/penzionlimba.sk\/wp-content\/uploads\/2018\/01\/prechodbiely-dole.png?id=19) !important;background-position: center !important;background-repeat: no-repeat !important;background-size: contain !important;}&#8221;][vc_column_text el_class=&#8221;el_nadpis&#8221;]<\/p>\n<h1 style=\"text-align: center;\">Apartments Jasn\u00e1<br \/>\nSki In &amp; Ski Out<\/h1>\n<p>[\/vc_column_text][vc_column_text el_class=&#8221;el_nadpis&#8221; el_id=&#8221;el_nadpis2&#8243;]<\/p>\n<h2 style=\"text-align: center;\"><strong>Pleasant and good<\/strong><\/h2>\n<p>[\/vc_column_text][\/vc_column][\/vc_row][vc_row el_class=&#8221;pg2_apartmany&#8221;][vc_column][vc_column_text el_class=&#8221;el_popis&#8221;]<\/p>\n<h2>About apartments<\/h2>\n<p>Apartments Jasn\u00e1 are located directly on ski slope of the ski centre Jasn\u00e1 \u2013 Biela p\u00fa\u0165. It is a complex offering accommodation with self-catering, in the immediate vicinity of absolute centre of Jasn\u00e1 &#8211; Happy End, Crystal bar and numerous restaurants. You can rent or hire ski equipment directly on site, or book a snowboarding lesson. Free WIFI is available.<\/p>\n<p>A TV, sofa bed and a private bathroom with a shower are provided in all accommodation units. You can use the microwave, kettle and stove in the kitchen or kitchenette.<\/p>\n<p>The surrounding countryside provides good conditions for hiking and cycling. The nearest wellness center is 500 meters away and Bike Park Bike Park is 1.5 km away.<\/p>\n<p>You can park your cars in a free private car park. The beautiful caves Dem\u00e4novsk\u00e1 Cave of Liberty and the Dem\u00e4novsk\u00e1 Ice Cave are 5 km from the apartments. Aquapark Tatralandia is 10 km away and Liptovsky Mikulas 15 km from accommodation.<\/p>\n<p>According to independent reviews, our guests are in this part of the Dem\u00e4novsk\u00e1 Valley destination.<\/p>\n<p>[\/vc_column_text][\/vc_column][\/vc_row][vc_row el_class=&#8221;pg3_apartmany&#8221;][vc_column el_id=&#8221;hlavny&#8221; el_class=&#8221;col&#8221;][vc_column_text el_class=&#8221;el_nadpis&#8221;]<\/p>\n<h1 style=\"text-align: center;\">APARTMENTS<\/h1>\n<p>[\/vc_column_text][vc_row_inner el_class=&#8221;pg3_inner&#8221;][vc_column_inner el_class=&#8221;col&#8221; width=&#8221;1\/2&#8243; css=&#8221;.vc_custom_1531920538653{background-position: center !important;background-repeat: no-repeat !important;background-size: cover !important;}&#8221; el_id=&#8221;col1&#8243;][vc_images_carousel images=&#8221;1649,1647,1648,1111&#8243; img_size=&#8221;large&#8221;][\/vc_column_inner][vc_column_inner el_class=&#8221;col&#8221; width=&#8221;1\/2&#8243; el_id=&#8221;col2&#8243;][vc_column_text el_class=&#8221;el_popis&#8221;]<\/p>\n<h2><strong>Studio 2 adults + 2 children:<\/strong><\/h2>\n<p><strong>Location:<\/strong> ground floor<br \/>\n<strong>Number of beds:<\/strong>\u00a03, Double bed + 1 sofa \u2013 extra bed<br \/>\n<strong>Number of rooms:<\/strong> 1 room with a doublebed that is connected to a kitchenette, a bathroom with a toilet<\/p>\n<p><strong>Studio equipment:<\/strong><br \/>\n&#8211; kitchenette &#8211; kitchen equipped with a built-in double fan, refrigerator, microwave oven, electric kettle and equipment and preparation and serving meals<br \/>\n&#8211; bedded room &#8211; 1 double bed, TV and 1 sofa \u2013 extra bed for two children<br \/>\n&#8211; bathroom &#8211; shower, washbasin, toilet<\/p>\n<p><strong>Free of charge:<\/strong><br \/>\n&#8211; WIFI internet connection<br \/>\n&#8211; parking for 1 car[\/vc_column_text][vc_btn title=&#8221;Reserve&#8221; shape=&#8221;square&#8221; align=&#8221;center&#8221; el_class=&#8221;el_button&#8221; link=&#8221;url:http%3A%2F%2Fpenzionlimba.sk%2Frezervacia-a-cennik%2F|title:Rezerv%C3%A1cia%20a%20cenn%C3%ADk||&#8221;][\/vc_column_inner][\/vc_row_inner][\/vc_column][\/vc_row][vc_row el_class=&#8221;pg3_apartmany&#8221;][vc_column el_id=&#8221;hlavny&#8221; el_class=&#8221;col&#8221;][vc_row_inner el_class=&#8221;pg3_inner&#8221;][vc_column_inner el_class=&#8221;col&#8221; width=&#8221;1\/2&#8243; css=&#8221;.vc_custom_1531920560122{background-position: center !important;background-repeat: no-repeat !important;background-size: cover !important;}&#8221; el_id=&#8221;col1&#8243;][vc_images_carousel images=&#8221;1644,1634,1115,1632,481,1643&#8243; img_size=&#8221;large&#8221;][\/vc_column_inner][vc_column_inner el_class=&#8221;col&#8221; width=&#8221;1\/2&#8243; el_id=&#8221;col2&#8243;][vc_column_text el_class=&#8221;el_popis&#8221;]<\/p>\n<h2><strong>Studio RONDO 4 adults:<\/strong><\/h2>\n<p><strong>Location:<\/strong> ground floor<br \/>\n<strong>Number of beds:<\/strong> 4<br \/>\n<strong>Number of rooms:<\/strong> 1 STUDIO -room with a double bed and sofa bed for 2, which is connected with a kitchenette, a bathroom, a toilet<\/p>\n<p><strong>Suite equipment:<\/strong><br \/>\n&#8211; kitchenette &#8211; kitchen equipped with built-in double fan, refrigerator, microwave oven, electric kettle and equipment and preparation and serving of food, table, chairs<br \/>\n&#8211; table, chairs<\/p>\n<p>&#8211; Sleeping part \u2013 1 double bed, TV-SAT, 1 large sofa \u2013 two comfortable extra beds<br \/>\n&#8211; bathroom &#8211; shower, washbasin, toilet<\/p>\n<p><strong>Free of charge:<\/strong><br \/>\n&#8211; WIFI internet connection<br \/>\n&#8211; parking for 1 car[\/vc_column_text][vc_btn title=&#8221;Reserve&#8221; shape=&#8221;square&#8221; align=&#8221;center&#8221; el_class=&#8221;el_button&#8221; link=&#8221;url:http%3A%2F%2Fpenzionlimba.sk%2Frezervacia-a-cennik%2F|title:Rezerv%C3%A1cia%20a%20cenn%C3%ADk||&#8221;][\/vc_column_inner][\/vc_row_inner][\/vc_column][\/vc_row][vc_row el_class=&#8221;pg3_apartmany&#8221;][vc_column el_id=&#8221;hlavny&#8221; el_class=&#8221;col&#8221;][vc_row_inner el_class=&#8221;pg3_inner&#8221;][vc_column_inner el_class=&#8221;col&#8221; width=&#8221;1\/2&#8243; css=&#8221;.vc_custom_1531920576132{background-position: center !important;background-repeat: no-repeat !important;background-size: cover !important;}&#8221; el_id=&#8221;col1&#8243;][vc_images_carousel images=&#8221;1661,1654,1653,1652,1658,1657,477&#8243; img_size=&#8221;large&#8221;][\/vc_column_inner][vc_column_inner el_class=&#8221;col&#8221; width=&#8221;1\/2&#8243; el_id=&#8221;col2&#8243;][vc_column_text el_class=&#8221;el_popis&#8221;]<\/p>\n<h2><strong>2-bedrooms Apartment 5+2:<\/strong><\/h2>\n<p><strong>Location:<\/strong> 1st floor<br \/>\n<strong>Number of beds:<\/strong> 5 beds +\u00a0 sofa bed<br \/>\n<strong>Number of rooms:<\/strong> 2 separate bedrooms, 1 living room connected with a kitchenette, bathroom, separate toilet<\/p>\n<p><strong>Apartment equipment:<\/strong><\/p>\n<p>&#8211; kitchenette &#8211; kitchen equipped with built-in double fan, refrigerator, microwave oven, electric kettle and equipment and preparation and serving of food, table and chairs<br \/>\n&#8211; living room &#8211; connected with the kitchenette. Table, fountains, LCD TV and a\u00a0sofa bed with possibility of two extra beds<br \/>\n&#8211; 2 separate bedrooms &#8211; in one bedroom there is a double bed and in the other one a double bed and a hard bed<br \/>\n&#8211; Bathroom &#8211; shower, washbasin, separate toilet<\/p>\n<p><strong>Free of charge:<\/strong><br \/>\n&#8211; WIFI internet connection<br \/>\n&#8211; parking for 1 car[\/vc_column_text][vc_btn title=&#8221;Reserve&#8221; shape=&#8221;square&#8221; align=&#8221;center&#8221; el_class=&#8221;el_button&#8221; link=&#8221;url:http%3A%2F%2Fpenzionlimba.sk%2Frezervacia-a-cennik%2F|title:Rezerv%C3%A1cia%20a%20cenn%C3%ADk||&#8221;][\/vc_column_inner][\/vc_row_inner][\/vc_column][\/vc_row]<\/p>\n","protected":false},"excerpt":{"rendered":"<p>[vc_row full_width=&#8221;stretch_row_content&#8221; content_placement=&#8221;middle&#8221; el_class=&#8221;pg1_apartmany&#8221; css=&#8221;.vc_custom_1516963083896{background-image: url(http:\/\/penzionlimba.sk\/wp-content\/uploads\/2018\/01\/Limba-uvod.jpg?id=145) !important;background-position: center !important;background-repeat: no-repeat !important;background-size: cover !important;}&#8221;][vc_column css=&#8221;.vc_custom_1516018014117{background-image: url(http:\/\/penzionlimba.sk\/wp-content\/uploads\/2018\/01\/prechodbiely-dole.png?id=19) !important;background-position: center !important;background-repeat: no-repeat !important;background-size: contain !important;}&#8221;][vc_column_text el_class=&#8221;el_nadpis&#8221;] Apartments Jasn\u00e1 Ski<\/p>\n","protected":false},"author":1,"featured_media":0,"parent":0,"menu_order":0,"comment_status":"closed","ping_status":"closed","template":"","meta":{"footnotes":""},"class_list":["post-523","page","type-page","status-publish","hentry"],"_links":{"self":[{"href":"https:\/\/penzionlimba.sk\/en\/wp-json\/wp\/v2\/pages\/523","targetHints":{"allow":["GET"]}}],"collection":[{"href":"https:\/\/penzionlimba.sk\/en\/wp-json\/wp\/v2\/pages"}],"about":[{"href":"https:\/\/penzionlimba.sk\/en\/wp-json\/wp\/v2\/types\/page"}],"author":[{"embeddable":true,"href":"https:\/\/penzionlimba.sk\/en\/wp-json\/wp\/v2\/users\/1"}],"replies":[{"embeddable":true,"href":"https:\/\/penzionlimba.sk\/en\/wp-json\/wp\/v2\/comments?post=523"}],"version-history":[{"count":7,"href":"https:\/\/penzionlimba.sk\/en\/wp-json\/wp\/v2\/pages\/523\/revisions"}],"predecessor-version":[{"id":1677,"href":"https:\/\/penzionlimba.sk\/en\/wp-json\/wp\/v2\/pages\/523\/revisions\/1677"}],"wp:attachment":[{"href":"https:\/\/penzionlimba.sk\/en\/wp-json\/wp\/v2\/media?parent=523"}],"curies":[{"name":"wp","href":"https:\/\/api.w.org\/{rel}","templated":true}]}}