{"id":567,"date":"2018-02-26T08:45:24","date_gmt":"2018-02-26T07:45:24","guid":{"rendered":"http:\/\/penzionlimba.sk\/?page_id=567"},"modified":"2018-04-03T14:02:48","modified_gmt":"2018-04-03T12:02:48","slug":"contact","status":"publish","type":"page","link":"https:\/\/penzionlimba.sk\/en\/contact\/","title":{"rendered":"Contact"},"content":{"rendered":"<p>[vc_row full_width=&#8221;stretch_row_content&#8221; content_placement=&#8221;middle&#8221; el_class=&#8221;pg1_apartmany&#8221; css=&#8221;.vc_custom_1516970182452{background-image: url(http:\/\/penzionlimba.sk\/wp-content\/uploads\/2018\/01\/pine-3074808_1920.jpg?id=202) !important;background-position: center !important;background-repeat: no-repeat !important;background-size: cover !important;}&#8221;][vc_column css=&#8221;.vc_custom_1516018014117{background-image: url(http:\/\/penzionlimba.sk\/wp-content\/uploads\/2018\/01\/prechodbiely-dole.png?id=19) !important;background-position: center !important;background-repeat: no-repeat !important;background-size: contain !important;}&#8221;][vc_column_text el_class=&#8221;el_nadpis&#8221;]<\/p>\n<h1 style=\"text-align: center;\">IN CASE OF<br \/>\nANY QUESTIONS<\/h1>\n<p>[\/vc_column_text][vc_column_text el_class=&#8221;el_nadpis&#8221; el_id=&#8221;el_nadpis2&#8243;]<\/p>\n<h2 style=\"text-align: center;\"><strong>&#8230;do not hesitate to contact us<\/strong><\/h2>\n<p>[\/vc_column_text][\/vc_column][\/vc_row][vc_row el_class=&#8221;pg3_apartmany&#8221;][vc_column el_id=&#8221;hlavny&#8221; el_class=&#8221;col&#8221;][vc_column_text el_class=&#8221;el_nadpis&#8221;]<\/p>\n<h1 style=\"text-align: center;\">YOU CAN FIND US HERE<\/h1>\n<p>[\/vc_column_text][vc_row_inner el_class=&#8221;pg3_inner&#8221;][vc_column_inner el_class=&#8221;col&#8221; width=&#8221;2\/3&#8243; css=&#8221;.vc_custom_1516968646749{background-position: center !important;background-repeat: no-repeat !important;background-size: cover !important;}&#8221; el_id=&#8221;col1&#8243;]<div data-id=\"mpc_map-1469ef39a80d937\" class=\"mpc-map-wrap  mpc-custom-height\" ><p class=\"mpc-error\">If you see this Google Maps wasn't properly loaded. Please refresh your page \ud83d\ude42<\/p><div class=\"mpc-map mpc-init \" data-map-options=\"{&quot;disable_auto_zoom&quot;:true,&quot;zoom&quot;:&quot;11&quot;,&quot;disable_auto_location&quot;:false,&quot;location&quot;:&quot;&quot;,&quot;disable_ui&quot;:false,&quot;disable_scroll_wheel&quot;:false,&quot;style&quot;:&quot;cool_grey&quot;,&quot;markers&quot;:[{&quot;location&quot;:{&quot;latitude&quot;:49.0284797999999994999598129652440547943115234375,&quot;longitude&quot;:19.572377299999999422652763314545154571533203125},&quot;icon_url&quot;:&quot;https:\\\/\\\/penzionlimba.sk\\\/wp-content\\\/plugins\\\/mpc-massive\\\/assets\\\/images\\\/defaults\\\/location.png&quot;},{&quot;location&quot;:{&quot;latitude&quot;:48.9724547000000001162334228865802288055419921875,&quot;longitude&quot;:19.591924500000001074795363820157945156097412109375},&quot;icon_url&quot;:&quot;https:\\\/\\\/penzionlimba.sk\\\/wp-content\\\/plugins\\\/mpc-massive\\\/assets\\\/images\\\/defaults\\\/location.png&quot;}]}\"><\/div><\/div>[\/vc_column_inner][vc_column_inner el_class=&#8221;col&#8221; width=&#8221;1\/3&#8243; el_id=&#8221;col2&#8243;][vc_column_text el_class=&#8221;el_popis&#8221;]<\/p>\n<h2>Pension LIMBA<\/h2>\n<p>Dem\u00e4novsk\u00e1 Valley 121<br \/>\n032 51 Dem\u00e4novsk\u00e1 Valley<br \/>\n<strong>GPS: <\/strong>49.028621, 19.572377<br \/>\n<strong>tel: <\/strong>+421 905 655 700<br \/>\n<strong>e-mail:\u00a0<\/strong><a href=\"mailto:limba@liptour.sk\">limba@liptour.sk<\/a><\/p>\n<p>&nbsp;<\/p>\n<h2>Apartments JASN\u00c1<\/h2>\n<p>Jasn\u00e1, Biela P\u00fa\u0165,<br \/>\n032 51 Dem\u00e4novsk\u00e1 Dolina<br \/>\n<strong>GPS:\u00a0<\/strong>48.969769, 19.585437,<br \/>\n<strong>tel:\u00a0<\/strong>+421 905 655 700<br \/>\n<strong>e-mail:\u00a0<\/strong><a href=\"mailto:limba@liptour.sk\">limba@liptour.sk<\/a>[\/vc_column_text][\/vc_column_inner][\/vc_row_inner][\/vc_column][\/vc_row]<\/p>\n","protected":false},"excerpt":{"rendered":"<p>[vc_row full_width=&#8221;stretch_row_content&#8221; content_placement=&#8221;middle&#8221; el_class=&#8221;pg1_apartmany&#8221; css=&#8221;.vc_custom_1516970182452{background-image: url(http:\/\/penzionlimba.sk\/wp-content\/uploads\/2018\/01\/pine-3074808_1920.jpg?id=202) !important;background-position: center !important;background-repeat: no-repeat !important;background-size: cover !important;}&#8221;][vc_column css=&#8221;.vc_custom_1516018014117{background-image: url(http:\/\/penzionlimba.sk\/wp-content\/uploads\/2018\/01\/prechodbiely-dole.png?id=19) !important;background-position: center !important;background-repeat: no-repeat !important;background-size: contain !important;}&#8221;][vc_column_text el_class=&#8221;el_nadpis&#8221;] IN CASE OF<\/p>\n","protected":false},"author":1,"featured_media":0,"parent":0,"menu_order":0,"comment_status":"closed","ping_status":"closed","template":"","meta":{"footnotes":""},"class_list":["post-567","page","type-page","status-publish","hentry"],"_links":{"self":[{"href":"https:\/\/penzionlimba.sk\/en\/wp-json\/wp\/v2\/pages\/567","targetHints":{"allow":["GET"]}}],"collection":[{"href":"https:\/\/penzionlimba.sk\/en\/wp-json\/wp\/v2\/pages"}],"about":[{"href":"https:\/\/penzionlimba.sk\/en\/wp-json\/wp\/v2\/types\/page"}],"author":[{"embeddable":true,"href":"https:\/\/penzionlimba.sk\/en\/wp-json\/wp\/v2\/users\/1"}],"replies":[{"embeddable":true,"href":"https:\/\/penzionlimba.sk\/en\/wp-json\/wp\/v2\/comments?post=567"}],"version-history":[{"count":4,"href":"https:\/\/penzionlimba.sk\/en\/wp-json\/wp\/v2\/pages\/567\/revisions"}],"predecessor-version":[{"id":959,"href":"https:\/\/penzionlimba.sk\/en\/wp-json\/wp\/v2\/pages\/567\/revisions\/959"}],"wp:attachment":[{"href":"https:\/\/penzionlimba.sk\/en\/wp-json\/wp\/v2\/media?parent=567"}],"curies":[{"name":"wp","href":"https:\/\/api.w.org\/{rel}","templated":true}]}}