{"id":643,"date":"2018-02-26T12:51:37","date_gmt":"2018-02-26T11:51:37","guid":{"rendered":"http:\/\/penzionlimba.sk\/?page_id=643"},"modified":"2020-01-17T08:19:32","modified_gmt":"2020-01-17T07:19:32","slug":"apartamenty-jasna-ski-ski","status":"publish","type":"page","link":"https:\/\/penzionlimba.sk\/pl\/apartamenty-jasna-ski-ski\/","title":{"rendered":"Apartamenty Jasn\u00e1 Ski In &#038; Ski Out"},"content":{"rendered":"<p>[vc_row full_width=&#8221;stretch_row_content&#8221; content_placement=&#8221;middle&#8221; el_class=&#8221;pg1_apartmany&#8221; css=&#8221;.vc_custom_1516963083896{background-image: url(http:\/\/penzionlimba.sk\/wp-content\/uploads\/2018\/01\/Limba-uvod.jpg?id=145) !important;background-position: center !important;background-repeat: no-repeat !important;background-size: cover !important;}&#8221;][vc_column css=&#8221;.vc_custom_1516018014117{background-image: url(http:\/\/penzionlimba.sk\/wp-content\/uploads\/2018\/01\/prechodbiely-dole.png?id=19) !important;background-position: center !important;background-repeat: no-repeat !important;background-size: contain !important;}&#8221;][vc_column_text el_class=&#8221;el_nadpis&#8221;]<\/p>\n<h1 style=\"text-align: center;\">APARTAMENTY Jasn\u00e1<br \/>\nSki In &amp; Ski Out<\/h1>\n<p>[\/vc_column_text][vc_column_text el_class=&#8221;el_nadpis&#8221; el_id=&#8221;el_nadpis2&#8243;]<\/p>\n<h2 style=\"text-align: center;\"><strong>\u0141<\/strong>adny i jako\u015bci<\/h2>\n<p>[\/vc_column_text][\/vc_column][\/vc_row][vc_row el_class=&#8221;pg2_apartmany&#8221;][vc_column][vc_column_text el_class=&#8221;el_popis&#8221;]<\/p>\n<h2>O apartamentach<\/h2>\n<p>Apartamenty Jasn\u00e1 znajduj\u0105 si\u0119 bezpo\u015brednio przy stoku narciarskim na zboczach o\u015brodka narciarskiego Jasn\u00e1 \u2013 Biela p\u00fa\u0165. Jest to kompleks oferuj\u0105cy zakwaterowanie z\u00a0w\u0142asnym wy\u017cywieniem, tu\u017c obok absolutnego centrum Jasnej &#8211; Happy End, Crystal bar i\u00a0wielu innych restauracji. Mo\u017cesz wypo\u017cyczy\u0107 lub wypo\u017cyczy\u0107 sprz\u0119t narciarski bezpo\u015brednio na miejscu lub zarezerwowa\u0107 lekcj\u0119 jazdy na snowboardzie. Darmowe WIFI jest dost\u0119pny.<\/p>\n<p>We wszystkich apartamentach znajduje si\u0119 telewizor, rozk\u0142adana sofa oraz \u0142azienka z prysznicem. Mo\u017cesz korzysta\u0107 z kuchenki mikrofalowej, czajnika i pieca w kuchni lub aneksie kuchennym.<\/p>\n<p>Okolica zapewnia dobre warunki do uprawiania turystyki pieszej i rowerowej. Najbli\u017csze centrum odnowy biologicznej oddalone jest od obiektu o 500 metr\u00f3w, a park rowerowy Bike Park &#8211; o 1,5 km.<\/p>\n<p>Mo\u017cesz zaparkowa\u0107 swoje samochody na bezp\u0142atnym prywatnym parkingu. Pi\u0119kne jaskinie Demianowska Jaskinia Wolno\u015bci i Demianowska Jaskinia Lodowa znajduj\u0105 si\u0119 5 km od apartament\u00f3w. Aquapark Tatralandia znajduje si\u0119 10 km, a Liptowski Miku\u0142asz &#8211; 15 km od obiektu.<\/p>\n<p>Wed\u0142ug niezale\u017cnych opinii nasi go\u015bcie znajduj\u0105 si\u0119 w tej cz\u0119\u015bci Doliny Demianowskiej.<\/p>\n<p>[\/vc_column_text][\/vc_column][\/vc_row][vc_row el_class=&#8221;pg3_apartmany&#8221;][vc_column el_id=&#8221;hlavny&#8221; el_class=&#8221;col&#8221;][vc_column_text el_class=&#8221;el_nadpis&#8221;]<\/p>\n<h1 style=\"text-align: center;\">APARTAMENTY<\/h1>\n<p>[\/vc_column_text][vc_row_inner el_class=&#8221;pg3_inner&#8221;][vc_column_inner el_class=&#8221;col&#8221; width=&#8221;1\/2&#8243; css=&#8221;.vc_custom_1531920766924{background-position: center !important;background-repeat: no-repeat !important;background-size: cover !important;}&#8221; el_id=&#8221;col1&#8243;][vc_images_carousel images=&#8221;1649,1648,1647,1111,486,497&#8243; img_size=&#8221;large&#8221;][\/vc_column_inner][vc_column_inner el_class=&#8221;col&#8221; width=&#8221;1\/2&#8243; el_id=&#8221;col2&#8243;][vc_column_text el_class=&#8221;el_popis&#8221;]<\/p>\n<h2><strong>Studio 2 osoby doros\u0142e + 2 dzieci:<\/strong><\/h2>\n<p><strong>Po\u0142o\u017cenie:<\/strong> na parterze<br \/>\n<strong>Ilo\u015b\u0107 \u0142\u00f3\u017cek:<\/strong> 3,\u00a0 dwa miejsca w \u0142o\u017cu ma\u0142\u017ce\u0144skim + 1 tapczan \u2013 dostawka<br \/>\n<strong>Ilo\u015b\u0107 pokoi:<\/strong> 1 pomieszczenie z\u00a0\u0142o\u017cem ma\u0142\u017ce\u0144skim, po\u0142\u0105czony z aneksem kuchennym, \u0142azienka z WC<\/p>\n<p><strong>Wyposa\u017cenie studia:<\/strong><br \/>\n&#8211; aneks kuchenny &#8211; kuchnia wyposa\u017cona we wbudowany podw\u00f3jny wentylator, lod\u00f3wk\u0119, kuchenk\u0119 mikrofalow\u0105, czajnik elektryczny i sprz\u0119t oraz przygotowywanie i serwowanie posi\u0142k\u00f3w<br \/>\n&#8211; osobowy pok\u00f3j &#8211; 1 \u0142\u00f3\u017cko podw\u00f3jne, telewizor i 1 tapczan \u2013 dostawka dla dwojga dzieci<br \/>\n&#8211; \u0142azienka &#8211; prysznic, umywalka, toaleta<br \/>\n&#8211; Po\u0142\u0105czenie internetowe WIFI &#8211; BEZP\u0141ATNE<\/p>\n<p>[\/vc_column_text][vc_btn title=&#8221;Zam\u00f3w&#8221; shape=&#8221;square&#8221; align=&#8221;center&#8221; el_class=&#8221;el_button&#8221; link=&#8221;url:http%3A%2F%2Fpenzionlimba.sk%2Fpl%2Frezerwacja-i-cennik|title:Rezerv%C3%A1cia%20a%20cenn%C3%ADk||&#8221;][\/vc_column_inner][\/vc_row_inner][\/vc_column][\/vc_row][vc_row el_class=&#8221;pg3_apartmany&#8221;][vc_column el_id=&#8221;hlavny&#8221; el_class=&#8221;col&#8221;][vc_row_inner el_class=&#8221;pg3_inner&#8221;][vc_column_inner el_class=&#8221;col&#8221; width=&#8221;1\/2&#8243; css=&#8221;.vc_custom_1531920819498{background-position: center !important;background-repeat: no-repeat !important;background-size: cover !important;}&#8221; el_id=&#8221;col1&#8243;][vc_images_carousel images=&#8221;1644,1643,1632,1634,1115,481&#8243; img_size=&#8221;large&#8221;][\/vc_column_inner][vc_column_inner el_class=&#8221;col&#8221; width=&#8221;1\/2&#8243; el_id=&#8221;col2&#8243;][vc_column_text el_class=&#8221;el_popis&#8221;]<\/p>\n<h2><strong>Studio RONDO 4 osoby doros\u0142e:<\/strong><\/h2>\n<p><strong>Po\u0142o\u017cenie:<\/strong> na parterze<br \/>\n<strong>Ilo\u015b\u0107 \u0142\u00f3\u017cek:<\/strong> 2 sta\u0142e \u0142\u00f3\u017cka + rozk\u0142adana kanapa<br \/>\n<strong>Ilo\u015b\u0107 pokoi:<\/strong> 1 pok\u00f3j z \u0142\u00f3\u017ckiem, kt\u00f3ry po\u0142\u0105czony jest z aneksem kuchennym, \u0142azienk\u0105, WC<\/p>\n<p><strong>Wyposa\u017cenie suite:<\/strong><br \/>\n&#8211; aneks kuchenny &#8211; kuchnia wyposa\u017cona we wbudowany podw\u00f3jny wentylator, lod\u00f3wk\u0119, kuchenk\u0119 mikrofalow\u0105, czajnik elektryczny i sprz\u0119t oraz przygotowywanie i serwowanie posi\u0142k\u00f3w<br \/>\n&#8211; cz\u0119\u015b\u0107 sypialna\u2013 1 \u0142o\u017ce ma\u0142\u017ce\u0144skie, TV 1 du\u017cy tapczan \u2013 dwie wygodne dostawki<br \/>\n&#8211; \u0142azienka &#8211; prysznic, umywalka, toaleta<br \/>\n&#8211; <strong>Darmowe po\u0142\u0105czenie internetowe WIFI<\/strong>[\/vc_column_text][vc_btn title=&#8221;Zam\u00f3w&#8221; shape=&#8221;square&#8221; align=&#8221;center&#8221; el_class=&#8221;el_button&#8221; link=&#8221;url:http%3A%2F%2Fpenzionlimba.sk%2Fpl%2Frezerwacja-i-cennik|title:Rezerv%C3%A1cia%20a%20cenn%C3%ADk||&#8221;][\/vc_column_inner][\/vc_row_inner][\/vc_column][\/vc_row][vc_row el_class=&#8221;pg3_apartmany&#8221;][vc_column el_id=&#8221;hlavny&#8221; el_class=&#8221;col&#8221;][vc_row_inner el_class=&#8221;pg3_inner&#8221;][vc_column_inner el_class=&#8221;col&#8221; width=&#8221;1\/2&#8243; css=&#8221;.vc_custom_1531920871114{background-position: center !important;background-repeat: no-repeat !important;background-size: cover !important;}&#8221; el_id=&#8221;col1&#8243;][vc_images_carousel images=&#8221;1658,1656,1654,1653,1652,481&#8243; img_size=&#8221;large&#8221;][\/vc_column_inner][vc_column_inner el_class=&#8221;col&#8221; width=&#8221;1\/2&#8243; el_id=&#8221;col2&#8243;][vc_column_text el_class=&#8221;el_popis&#8221;]<\/p>\n<h2><strong>Apartament z 2 sypialniami 5+2:<\/strong><\/h2>\n<p><strong>Po\u0142o\u017cenie:\u00a0<\/strong>1 pietro<br \/>\n<strong>Ilo\u015b\u0107 \u0142\u00f3\u017cek:<\/strong> 4 sta\u0142e \u0142\u00f3\u017cka + 1 dodatkowe \u0142\u00f3\u017cko (sta\u0142e) + rozk\u0142adana kanapa<br \/>\n<strong>Ilo\u015b\u0107 pokoi:<\/strong>\u00a0 2 oddzielne sypialnie, 1 salon po\u0142\u0105czony z aneksem kuchennym, \u0142azienka, WC<\/p>\n<p><strong>Wyposa\u017cenie apartamentu:<\/strong><\/p>\n<p>&#8211; aneks kuchenny &#8211; kuchnia wyposa\u017cona we wbudowany podw\u00f3jny wentylator, lod\u00f3wk\u0119, kuchenk\u0119 mikrofalow\u0105, czajnik elektryczny i sprz\u0119t oraz przygotowywanie i serwowanie posi\u0142k\u00f3w<br \/>\n&#8211; salon po\u0142\u0105czony z aneksem kuchennym. St\u00f3\u0142, fontanny, telewizor LCD i\u00a0fotel rozk\u0142adany z\u00a0mo\u017cliwo\u015bci\u0105 dw\u00f3ch dostawek<br \/>\n&#8211; 2 oddzielne sypialnie &#8211; w jednym pokoju znajduje si\u0119 podw\u00f3jne \u0142\u00f3\u017cko i podw\u00f3jne \u0142\u00f3\u017cko oraz twarde \u0142\u00f3\u017cko<br \/>\n&#8211; \u0141azienka &#8211; prysznic, umywalka, osobna toaleta<br \/>\n&#8211; Darmowe po\u0142\u0105czenie internetowe WIFI<\/p>\n<p>[\/vc_column_text][vc_btn title=&#8221;Zam\u00f3w&#8221; shape=&#8221;square&#8221; align=&#8221;center&#8221; el_class=&#8221;el_button&#8221; link=&#8221;url:http%3A%2F%2Fpenzionlimba.sk%2Fpl%2Frezerwacja-i-cennik|title:Rezerv%C3%A1cia%20a%20cenn%C3%ADk||&#8221;][\/vc_column_inner][\/vc_row_inner][\/vc_column][\/vc_row]<\/p>\n","protected":false},"excerpt":{"rendered":"<p>[vc_row full_width=&#8221;stretch_row_content&#8221; content_placement=&#8221;middle&#8221; el_class=&#8221;pg1_apartmany&#8221; css=&#8221;.vc_custom_1516963083896{background-image: url(http:\/\/penzionlimba.sk\/wp-content\/uploads\/2018\/01\/Limba-uvod.jpg?id=145) !important;background-position: center !important;background-repeat: no-repeat !important;background-size: cover !important;}&#8221;][vc_column css=&#8221;.vc_custom_1516018014117{background-image: url(http:\/\/penzionlimba.sk\/wp-content\/uploads\/2018\/01\/prechodbiely-dole.png?id=19) !important;background-position: center !important;background-repeat: no-repeat !important;background-size: contain !important;}&#8221;][vc_column_text el_class=&#8221;el_nadpis&#8221;] APARTAMENTY Jasn\u00e1 Ski<\/p>\n","protected":false},"author":1,"featured_media":0,"parent":0,"menu_order":0,"comment_status":"closed","ping_status":"closed","template":"","meta":{"footnotes":""},"class_list":["post-643","page","type-page","status-publish","hentry"],"_links":{"self":[{"href":"https:\/\/penzionlimba.sk\/pl\/wp-json\/wp\/v2\/pages\/643","targetHints":{"allow":["GET"]}}],"collection":[{"href":"https:\/\/penzionlimba.sk\/pl\/wp-json\/wp\/v2\/pages"}],"about":[{"href":"https:\/\/penzionlimba.sk\/pl\/wp-json\/wp\/v2\/types\/page"}],"author":[{"embeddable":true,"href":"https:\/\/penzionlimba.sk\/pl\/wp-json\/wp\/v2\/users\/1"}],"replies":[{"embeddable":true,"href":"https:\/\/penzionlimba.sk\/pl\/wp-json\/wp\/v2\/comments?post=643"}],"version-history":[{"count":6,"href":"https:\/\/penzionlimba.sk\/pl\/wp-json\/wp\/v2\/pages\/643\/revisions"}],"predecessor-version":[{"id":1679,"href":"https:\/\/penzionlimba.sk\/pl\/wp-json\/wp\/v2\/pages\/643\/revisions\/1679"}],"wp:attachment":[{"href":"https:\/\/penzionlimba.sk\/pl\/wp-json\/wp\/v2\/media?parent=643"}],"curies":[{"name":"wp","href":"https:\/\/api.w.org\/{rel}","templated":true}]}}